{"id":799860,"date":"2017-11-06T14:26:37","date_gmt":"2017-11-06T13:26:37","guid":{"rendered":"https:\/\/galluccio.sviluppokeyweb.com\/privacy\/"},"modified":"2025-07-07T10:12:13","modified_gmt":"2025-07-07T08:12:13","slug":"privacy","status":"publish","type":"page","link":"https:\/\/www.galluccioflli.it\/en\/privacy\/","title":{"rendered":"Complete Privacy Policy in accordance with the GDPR 2016\/679"},"content":{"rendered":"<p>[et_pb_section fb_built=&#8221;1&#8243; _builder_version=&#8221;4.16&#8243; global_colors_info=&#8221;{}&#8221;][et_pb_row _builder_version=&#8221;4.16&#8243; background_size=&#8221;initial&#8221; background_position=&#8221;top_left&#8221; background_repeat=&#8221;repeat&#8221; global_colors_info=&#8221;{}&#8221;][et_pb_column type=&#8221;4_4&#8243; _builder_version=&#8221;4.16&#8243; custom_padding=&#8221;|||&#8221; global_colors_info=&#8221;{}&#8221; custom_padding__hover=&#8221;|||&#8221;][et_pb_text _builder_version=&#8221;4.16.1&#8243; global_colors_info=&#8221;{}&#8221;]<\/p>\n<h1 style=\"text-align: center;\"><b>Complete Privacy Policy in accordance with the GDPR 2016\/679.<\/b><\/h1>\n<p>[\/et_pb_text][et_pb_code _builder_version=&#8221;4.16.1&#8243; _module_preset=&#8221;default&#8221; global_colors_info=&#8221;{}&#8221;]<a href=\"https:\/\/www.iubenda.com\/privacy-policy\/79739011\" class=\"iubenda-white no-brand iubenda-noiframe iubenda-embed iub-no-markup iubenda-noiframe iub-body-embed\" title=\"Privacy Policy\">Privacy Policy<\/a><script type=\"text\/javascript\">(function (w,d) {var loader = function () {var s = d.createElement(\"script\"), tag = d.getElementsByTagName(\"script\")[0]; s.src=\"https:\/\/cdn.iubenda.com\/iubenda.js\"; tag.parentNode.insertBefore(s,tag);}; if(w.addEventListener){w.addEventListener(\"load\", loader, false);}else if(w.attachEvent){w.attachEvent(\"onload\", loader);}else{w.onload = loader;}})(window, document);<\/script>[\/et_pb_code][\/et_pb_column][\/et_pb_row][\/et_pb_section]<\/p>\n","protected":false},"excerpt":{"rendered":"<p>Complete Privacy Policy in accordance with the GDPR 2016\/679.<\/p>\n","protected":false},"author":2,"featured_media":0,"parent":0,"menu_order":0,"comment_status":"closed","ping_status":"closed","template":"","meta":{"_et_pb_use_builder":"on","_et_pb_old_content":"<p style=\"text-align: justify;\">Galluccio F.lli Snc di Galluccio Vincenzo & C.<\/p><p style=\"text-align: justify;\">Sede legale ed operativa: della Costituzione, n. \"CIVICO\" - 42042 Fabbrico ((RE)) - Tel.: +39 0522 660623 - Fax: +39 0522 751344 P.IVA: \"IVA\" - Iscr. Reg. Impr. RE n. 150199 - Cap. Soc. \u20ac\u00a0 i.v. - sito web: www.galluccioflli.it - e-mail: galluccioflli@libero.it<\/p><p style=\"text-align: justify;\">Trattamento dei dati personali<\/p><p style=\"text-align: justify;\">Informativa ai sensi dell\u2019art. 13, D.LGS. 196_2003 - POLICY PRIVACY Ai sensi dell\u2019art. 13, D. Lgs. 196_2003, nominato \u00abCodice in materia di protezione dei dati personali\u00bb, la scrivente Societ\u00e0, in qualit\u00e0 di titolare e responsabile del trattamento, informa che i dati personali acquisiti con riferimento ai rapporti commerciali instaurati, formeranno oggetto di trattamento nel rispetto della normativa sopra richiamata.<\/p><p style=\"text-align: justify;\">In relazione ai suddetti trattamenti la suddetta Societ\u00e0 fornisce inoltre la seguente informativa.<\/p><p style=\"text-align: justify;\">1. FONTE DEI DATI PERSONALI - I dati personali che Galluccio F.lli Snc di Galluccio Vincenzo & C. tratta, sono raccolti direttamente da Galluccio F.lli Snc di Galluccio Vincenzo & C. presso il Cliente in occasione della, o successivamente alla, sottoscrizione del Contratto, in fase di esecuzione del medesimo, ovvero da fonti pubbliche.<\/p><p style=\"text-align: justify;\">2. DATI SENSIBILI - Il consenso che Galluccio F.lli Snc di Galluccio Vincenzo & C. chiede al Cliente non riguarda dati sensibili.<\/p><p style=\"text-align: justify;\">3. FINALIT\u00c0 DEL TRATTAMENTO DEI DATI - I dati personali del Cliente sono trattati nell\u2019ambito della normale attivit\u00e0 di Galluccio F.lli Snc di Galluccio Vincenzo & C. per le seguenti finalit\u00e0:<\/p><p style=\"text-align: justify;\">\u00a0 a) finalit\u00e0 strettamente connesse e strumentali all\u2019esecuzione del Contratto ed alla gestione del credito nascente dal Contratto stesso; il conferimento dei dati personali necessari a realizzare queste finalit\u00e0 \u00e8 obbligatorio;<\/p><p style=\"text-align: justify;\">\u00a0 b) finalit\u00e0 connesse agli obblighi previsti da leggi, da regolamenti e dalla normativa comunitaria, nonch\u00e9 da disposizioni impartite da Autorit\u00e0 a ci\u00f2 legittimate dalla legge e da organi di vigilanza e controllo; il conferimento dei dati personali necessari a realizzare queste finalit\u00e0 \u00e8 obbligatorio; per il perseguimento di queste finalit\u00e0 non \u00e8 richiesto il consenso del Cliente al trattamento dei propri dati personali;<\/p><p style=\"text-align: justify;\">\u00a0 c) finalit\u00e0 funzionali all\u2019attivit\u00e0 di Galluccio F.lli Snc di Galluccio Vincenzo & C.: rientrano in questa categoria tutte le comunicazioni di natura amministrativa, ovvero commerciale, nonch\u00e9 specificamente la promozione e la vendita di prodotti e Servizi ad opera di Galluccio F.lli Snc di Galluccio Vincenzo & C. - nonch\u00e9 di Societ\u00e0 Clienti o partners commerciali e tecnici della stessa - effettuate anche attraverso l\u2019invio di materiale pubblicitario, lo svolgimento di indagini di mercato, comunicazioni telefoniche, attivit\u00e0 tutte svolte attraverso sistemi cartacei ovvero automatizzati di comunicazione (e-mail, sms, mms, telefax, etc.).<\/p><p style=\"text-align: justify;\">\u00a0 d) cessione a terzi, a titolo gratuito od oneroso, di detti dati. Il conferimento dei dati personali necessari a realizzare questa finalit\u00e0 non \u00e8 obbligatorio; il Cliente ha dunque la facolt\u00e0 di esprimere o negare il consenso al trattamento dei propri dati personali per il perseguimento di queste finalit\u00e0.<\/p><p style=\"text-align: justify;\">4. MODALIT\u00c0 DI TRATTAMENTO DEI DATI - Il trattamento dei dati personali viene effettuato manualmente e con strumenti elettronici, con logiche strettamente correlate alle finalit\u00e0 sopra indicate e, comunque, in modo da garantire la sicurezza e la riservatezza dei dati stessi.<\/p><p style=\"text-align: justify;\">5. SOGGETTI AI QUALI I DATI POSSONO ESSERE COMUNICATI - Galluccio F.lli Snc di Galluccio Vincenzo & C. pu\u00f2 comunicare tutti i dati personali del Cliente alle seguenti categorie di soggetti: propri Clienti, nonch\u00e9 partners commerciali e tecnici; Societ\u00e0 che svolgono Servizi bancari e finanziari; Societ\u00e0 che svolgono Servizi di archiviazione di documenti; Societ\u00e0 di recupero crediti; Societ\u00e0 di revisione contabile e di certificazione di bilancio; Societ\u00e0 di rating; soggetti che svolgono, a favore di Galluccio F.lli Snc di Galluccio Vincenzo & C., attivit\u00e0 di assistenza e consulenza professionale; Societ\u00e0 di factoring, di cartolarizzazione dei crediti o ad altro titolo cessionarie dei crediti, anche con sede al di fuori dell\u2019Unione Europea; soggetti che forniscono informazioni commerciali; Societ\u00e0 di servizi informatici; salvo altri con cui Galluccio F.lli Snc di Galluccio Vincenzo & C. dovesse, anche successivamente alla sottoscrizione del presente Contratto, intrattenere rapporti nell\u2019ambito della propria attivit\u00e0 d\u2019impresa. I soggetti appartenenti alle predette categorie, ai quali i dati possono essere comunicati, utilizzeranno i dati medesimi in qualit\u00e0 di Titolari ai sensi del Codice in materia di protezione dei dati personali, in piena autonomia, essendo estranei all\u2019originario trattamento effettuato presso Galluccio F.lli Snc di Galluccio Vincenzo & C., ovvero in qualit\u00e0 di responsabili di specifiche operazioni di trattamento che rientrano nelle prestazioni contrattuali che i soggetti medesimi eseguono a favore di Galluccio F.lli Snc di Galluccio Vincenzo & C.. Possono venire a conoscenza dei dati, in qualit\u00e0 di Responsabili o di Incaricati, i dipendenti e tutti i collaboratori, a vario titolo, di Galluccio F.lli Snc di Galluccio Vincenzo & C..<\/p><p style=\"text-align: justify;\">6. DIRITTI DI CUI ALL\u2019ART. 7 - Il Cliente ha diritto di ottenere da Galluccio F.lli Snc di Galluccio Vincenzo & C., in qualit\u00e0 di Titolare del trattamento: la conferma dell\u2019esistenza o meno di dati personali che lo riguardano, anche se non ancora registrati e la loro comunicazione in forma comprensibile; l\u2019indicazione dell\u2019origine dei dati personali, delle finalit\u00e0 e modalit\u00e0 del trattamento, della logica applicata, in caso di trattamento effettuato con l\u2019ausilio di strumenti elettronici, nonch\u00e9 dei soggetti o delle categorie di soggetti ai quali i dati personali possono essere comunicati o che possono venirne a conoscenza in qualit\u00e0 di responsabili od incaricati; la cancellazione, la trasformazione in forma anonima od il blocco dei dati trattati in violazione di legge, nonch\u00e9 l\u2019aggiornamento, la rettificazione ovvero, qualora vi abbia interesse, l\u2019integrazione dei dati. Il Cliente pu\u00f2 opporsi al trattamento dei dati personali che lo riguardano a fini di invio di materiale pubblicitario, di vendita diretta ovvero per il compimento di ricerche di mercato e di comunicazione. Per qualsiasi esigenza inerente il trattamento dei dati personali, il Cliente pu\u00f2 rivolgersi a Galluccio F.lli Snc di Galluccio Vincenzo & C.., ai recapiti che seguono.<\/p><p style=\"text-align: justify;\">7. TITOLARE E RESPONSABILE DEL TRATTAMENTO - Titolare e responsabile del trattamento \u00e8 Galluccio F.lli Snc di Galluccio Vincenzo & C., con sede in Fabbrico ((RE)) 42042, della Costituzione, n. \"CIVICO\", P.IVA: \"IVA\", in persona del legale rappresentante pro tempore, Tel.: +39 0522 660623 - Fax: +39 0522 751344, sito web: www.galluccioflli.it - e-mail: galluccioflli@libero.it.<\/p><p style=\"text-align: justify;\">8. TIPOLOGIA DI DATI TRATTATI -<\/p><p style=\"text-align: justify;\">a) Dati di navigazione: i sistemi informatici e le procedure software preposte al funzionamento dei siti Internet acquisiscono, nel corso del loro normale esercizio, alcuni dati personali la cui trasmissione \u00e8 implicita nell\u2019uso dei protocolli di comunicazione di Internet. Si tratta di informazioni che non sono raccolte per essere associate ad interessati identificati, ma che per loro stessa natura potrebbero, attraverso elaborazioni ed associazioni con dati detenuti da terzi, permettere di identificare gli utenti.<\/p><p style=\"text-align: justify;\">In questa categoria di dati rientrano gli indirizzi IP od i nomi a dominio dei computer utilizzati dagli utenti che si connettono al sito, gli indirizzi in notazione URI (Uniform Resource Identifier) delle risorse richieste, l\u2019orario della richiesta, il metodo utilizzato nel sottoporre la richiesta al server, la dimensione del file ottenuto in risposta, il codice numerico indicante lo stato della risposta data dal server (buon fine, errore, etc.) ed altri parametri relativi al sistema operativo ed all\u2019ambiente informatico dell\u2019utente.<\/p><p style=\"text-align: justify;\">Questi dati vengono utilizzati al solo fine di ricavare informazioni statistiche anonime sull\u2019uso del sito e per controllarne il corretto funzionamento, risultando conservati per i tempi definiti dalla normativa legale di riferimento. I dati potrebbero essere utilizzati per l\u2019accertamento di responsabilit\u00e0 in caso di ipotetici reati informatici ai danni del sito.<\/p><p style=\"text-align: justify;\">b) Dati forniti volontariamente dagli utenti: l\u2019inserimento facoltativo dei dati nei form presenti sul sito - cos\u00ec come l\u2019invio facoltativo, esplicito e volontario di dati nei moduli web o di posta elettronica agli indirizzi indicati su questo sito - per l\u2019ottenimento di servizi specifici (ad esempio la newsletter) ovvero di comunicazioni ed informazioni, comporta la successiva acquisizione dell\u2019indirizzo del mittente (necessario per rispondere alle richieste o per fornire i servizi, le comunicazioni e le informazioni richieste) nonch\u00e9 degli eventuali altri dati personali inseriti.<\/p><p style=\"text-align: justify;\">c) Cookies: nel sito potrebbero essere utilizzati sistemi di web tracking, quali cookies o codici Javascript. Si tratta di registrazioni informatiche di informazioni trasmesse da un web server al computer dell\u2019utente per la futura identificazione di tale computer al momento di future visite sullo stesso sito web. Tali strumenti contribuiscono a facilitare l\u2019analisi del traffico su web, permettono la corretta operativit\u00e0 del sito e consentono alle applicazioni web di inviare informazioni a singoli utenti.<\/p><p style=\"text-align: justify;\">Con riferimento agli utenti del sito che si limitano a navigare su di esso senza compilare moduli o inviare spontaneamente propri dati personali - e fermo restando quanto in seguito precisato con riferimento a specifici software - non viene fatto uso di cookies per la trasmissione di informazioni di carattere personale, n\u00e9 vengono utilizzati c.d. cookies persistenti di alcun tipo, ovvero sistemi per il tracciamento degli utenti. I cookies di sessione utilizzati in questo sito, evitano il ricorso ad altre tecniche informatiche potenzialmente pregiudizievoli per la riservatezza della navigazione degli utenti e non consentono l\u2019acquisizione di dati personali identificativi dell\u2019utente. In qualsiasi momento l\u2019utente potr\u00e0 cancellare i cookies dal proprio sistema, con modalit\u00e0 diverse a seconda del browser utilizzato, od impostare il proprio browser per non accettare cookies e disabilitare Javascript. In tal caso, tuttavia, non \u00e8 garantito il corretto funzionamento di tutti gli strumenti che il sito mette a vostra disposizione.<\/p><p style=\"text-align: justify;\">Questo sito utilizza Google Analytics, un Servizio di analisi web fornito da Google, Inc. (c.d. \u00abGoogle\u00bb). Google Analytics utilizza dei cookies, che sono files di testo che vengono depositati sul computer per consentire al sito di analizzare come gli utenti utilizzano il sito. Le informazioni generate dal cookie sull\u2019utilizzo del sito ad opera del Cliente (compreso l\u2019indirizzo IP) verranno trasmesse e depositate presso i server di Google negli Stati Uniti. Google utilizzer\u00e0 queste informazioni allo scopo di tracciare ed esaminare l\u2019utilizzo del sito, compilare reports sulle attivit\u00e0 del sito e fornire altri Servizi relativi alle attivit\u00e0 del sito ed all\u2019utilizzo di Internet. Google pu\u00f2 anche trasferire queste informazioni a terzi, ove ci\u00f2 sia imposto dalla legge, ovvero laddove tali terzi trattino le suddette informazioni per conto di Google. Google non assocer\u00e0 l\u2019indirizzo IP a nessun altro dato posseduto da Google.<\/p><p style=\"text-align: justify;\">Come ribadito poc\u2019anzi, il Cliente pu\u00f2 rifiutare di utilizzare i cookies selezionando l\u2019impostazione appropriata sul browser, tuttavia ci\u00f2 potrebbe impedire di utilizzare tutte le funzionalit\u00e0 del sito.<\/p><p style=\"text-align: justify;\">Pertanto, utilizzando il presente sito Internet, l\u2019utente acconsente al trattamento dei propri dati da parte di Google per le modalit\u00e0 e i fini sopraindicati.<\/p><p style=\"text-align: justify;\">9. MODALIT\u00c0 CONSENTITE DI TRATTAMENTO - Il trattamento dei dati personali deve avvenire in modo da garantire il rispetto dei diritti, delle libert\u00e0 fondamentali e della dignit\u00e0 delle persone fisiche, con particolare riferimento alla riservatezza ed all\u2019identit\u00e0 personale. In particolare, i dati devono essere trattati in modo lecito e secondo correttezza; devono essere esatti e, se necessario, aggiornati, pertinenti, completi e non eccedenti rispetto alle finalit\u00e0 per le quali sono raccolti o successivamente trattati, conservati in una forma che consenta l\u2019identificazione dell\u2019interessato per un periodo di tempo non superiore a quello necessario agli scopi per i quali essi sono stati raccolti o successivamente trattati. L\u2019uso dei dati personali acquisiti \u00e8 consentito esclusivamente per scopi statistici circa l\u2019utilizzo del sito Internet, per controllarne il corretto funzionamento e per migliorarne performance e navigabilit\u00e0; i dati possono essere utilizzati anche laddove si renda necessario l\u2019accertamento di responsabilit\u00e0 in relazione alla commissione di reati informatici ai danni del sito; viceversa, \u00e8 tassativamente vietato l\u2019uso dei dati raccolti a fini pubblicitari o per attivit\u00e0 di marketing, prescrizione che Galluccio F.lli Snc di Galluccio Vincenzo & C. si impegna ed obbliga rigorosamente a rispettare, manlevata all\u2019uopo dal Cliente da qualsivoglia responsabilit\u00e0 possa astrattamente derivare a tal proposito allo stesso. Dei dati citati potranno venire a conoscenza i dipendenti, nonch\u00e9 i collaboratori di Galluccio F.lli Snc di Galluccio Vincenzo & C. che, per l\u2019espletamento delle proprie mansioni lavorative, siano tenuti ed autorizzati al trattamento dei medesimi. I dati non potranno essere oggetto di diffusione, n\u00e9 essere comunicati ad alcun soggetto terzo.<\/p><p style=\"text-align: justify;\">10. Diritto di accesso ai dati personali ed altri diritti -<\/p><p style=\"text-align: justify;\">\u00a0 L\u2019interessato ha diritto di ottenere la conferma dell\u2019esistenza o meno di dati personali che lo riguardano, anche se non ancora registrati, nonch\u00e9 la loro comunicazione in forma intelligibile.<\/p><p style=\"text-align: justify;\">\u00a0 L\u2019interessato ha diritto di ottenere l\u2019indicazione:<\/p><p style=\"text-align: justify;\">\u00a0 a) dell\u2019origine dei dati personali;<\/p><p style=\"text-align: justify;\">\u00a0 b) delle finalit\u00e0 e modalit\u00e0 del trattamento;<\/p><p style=\"text-align: justify;\">\u00a0 c) della logica applicata in caso di trattamento effettuato con l\u2019ausilio di strumenti elettronici;<\/p><p style=\"text-align: justify;\">\u00a0 d) degli estremi identificativi del titolare, dei responsabili e del rappresentante designato ai sensi dell\u2019art. 5, c. 2, D.Lgs. n. 196_2003;<\/p><p style=\"text-align: justify;\">\u00a0 e) dei soggetti o delle categorie di soggetti ai quali i dati personali possono essere comunicati o che possono venirne a conoscenza in qualit\u00e0 di rappresentante designato nel territorio dello Stato, di responsabili od incaricati.<\/p><p style=\"text-align: justify;\">\u00a0 L\u2019interessato ha diritto di ottenere:<\/p><p style=\"text-align: justify;\">\u00a0 a) l\u2019aggiornamento, la rettificazione ovvero, quando vi ha interesse, l\u2019integrazione dei dati;<\/p><p style=\"text-align: justify;\">\u00a0 b) la cancellazione, la trasformazione in forma anonima od il blocco, dei dati trattati in violazione di legge, compresi quelli di cui non \u00e8 necessaria la conservazione in relazione agli scopi per i quali i dati sono stati raccolti, o successivamente trattati;<\/p><p style=\"text-align: justify;\">\u00a0 c) l\u2019attestazione che le operazioni di cui ai punti a) e b) di questo paragrafo sono state portate a conoscenza, anche per quanto riguarda il loro contenuto, di coloro ai quali i dati sono stati comunicati o diffusi, eccettuato il caso in cui tale adempimento si riveli impossibile, ovvero comporti un impiego di mezzi manifestamente sproporzionato rispetto al diritto tutelato.<\/p><p style=\"text-align: justify;\">\u00a0 L\u2019interessato ha diritto di opporsi, in tutto o in parte:<\/p><p style=\"text-align: justify;\">\u00a0 a) per motivi legittimi al trattamento dei dati personali che lo riguardano, ancorch\u00e9 pertinenti allo scopo della raccolta;<\/p><p style=\"text-align: justify;\">\u00a0 b) al trattamento di dati personali che lo riguardano a fini di invio di materiale pubblicitario o di vendita diretta o per il compimento di ricerche di mercato o di comunicazione commerciale.<\/p><p style=\"text-align: justify;\">11. CONSENSO AL TRATTAMENTO DEI DATI PERSONALI - Presa attenta visione dell\u2019informativa ai sensi dell\u2019art. 13, D. Lgs. n. 196_2003, il Cliente presta il consenso al trattamento ed alla comunicazione degli indicati dati personali nei termini nella stessa precisati.<\/p><p>\u00a0<\/p>","_et_gb_content_width":"","footnotes":""},"class_list":["post-799860","page","type-page","status-publish","hentry"],"yoast_head":"<!-- This site is optimized with the Yoast SEO plugin v27.3 - https:\/\/yoast.com\/product\/yoast-seo-wordpress\/ -->\n<title>Complete Privacy Policy in accordance with the GDPR 2016\/679 - Galluccio<\/title>\n<meta name=\"robots\" content=\"noindex, nofollow\" \/>\n<meta property=\"og:locale\" content=\"en_US\" \/>\n<meta property=\"og:type\" content=\"article\" \/>\n<meta property=\"og:title\" content=\"Complete Privacy Policy in accordance with the GDPR 2016\/679 - Galluccio\" \/>\n<meta property=\"og:url\" content=\"https:\/\/www.galluccioflli.it\/en\/privacy\/\" \/>\n<meta property=\"og:site_name\" content=\"Galluccio\" \/>\n<meta property=\"article:modified_time\" content=\"2025-07-07T08:12:13+00:00\" \/>\n<meta name=\"twitter:card\" content=\"summary_large_image\" \/>\n<meta name=\"twitter:label1\" content=\"Est. reading time\" \/>\n\t<meta name=\"twitter:data1\" content=\"1 minute\" \/>\n<script type=\"application\/ld+json\" class=\"yoast-schema-graph\">{\"@context\":\"https:\\\/\\\/schema.org\",\"@graph\":[{\"@type\":\"WebPage\",\"@id\":\"https:\\\/\\\/www.galluccioflli.it\\\/en\\\/privacy\\\/\",\"url\":\"https:\\\/\\\/www.galluccioflli.it\\\/en\\\/privacy\\\/\",\"name\":\"Complete Privacy Policy in accordance with the GDPR 2016\\\/679 - Galluccio\",\"isPartOf\":{\"@id\":\"https:\\\/\\\/www.galluccioflli.it\\\/en\\\/#website\"},\"datePublished\":\"2017-11-06T13:26:37+00:00\",\"dateModified\":\"2025-07-07T08:12:13+00:00\",\"breadcrumb\":{\"@id\":\"https:\\\/\\\/www.galluccioflli.it\\\/en\\\/privacy\\\/#breadcrumb\"},\"inLanguage\":\"en-US\",\"potentialAction\":[{\"@type\":\"ReadAction\",\"target\":[\"https:\\\/\\\/www.galluccioflli.it\\\/en\\\/privacy\\\/\"]}]},{\"@type\":\"BreadcrumbList\",\"@id\":\"https:\\\/\\\/www.galluccioflli.it\\\/en\\\/privacy\\\/#breadcrumb\",\"itemListElement\":[{\"@type\":\"ListItem\",\"position\":1,\"name\":\"Home\",\"item\":\"https:\\\/\\\/www.galluccioflli.it\\\/en\\\/\"},{\"@type\":\"ListItem\",\"position\":2,\"name\":\"Complete Privacy Policy in accordance with the GDPR 2016\\\/679\"}]},{\"@type\":\"WebSite\",\"@id\":\"https:\\\/\\\/www.galluccioflli.it\\\/en\\\/#website\",\"url\":\"https:\\\/\\\/www.galluccioflli.it\\\/en\\\/\",\"name\":\"Galluccio\",\"description\":\"\",\"potentialAction\":[{\"@type\":\"SearchAction\",\"target\":{\"@type\":\"EntryPoint\",\"urlTemplate\":\"https:\\\/\\\/www.galluccioflli.it\\\/en\\\/?s={search_term_string}\"},\"query-input\":{\"@type\":\"PropertyValueSpecification\",\"valueRequired\":true,\"valueName\":\"search_term_string\"}}],\"inLanguage\":\"en-US\"}]}<\/script>\n<!-- \/ Yoast SEO plugin. -->","yoast_head_json":{"title":"Complete Privacy Policy in accordance with the GDPR 2016\/679 - Galluccio","robots":{"index":"noindex","follow":"nofollow"},"og_locale":"en_US","og_type":"article","og_title":"Complete Privacy Policy in accordance with the GDPR 2016\/679 - Galluccio","og_url":"https:\/\/www.galluccioflli.it\/en\/privacy\/","og_site_name":"Galluccio","article_modified_time":"2025-07-07T08:12:13+00:00","twitter_card":"summary_large_image","twitter_misc":{"Est. reading time":"1 minute"},"schema":{"@context":"https:\/\/schema.org","@graph":[{"@type":"WebPage","@id":"https:\/\/www.galluccioflli.it\/en\/privacy\/","url":"https:\/\/www.galluccioflli.it\/en\/privacy\/","name":"Complete Privacy Policy in accordance with the GDPR 2016\/679 - Galluccio","isPartOf":{"@id":"https:\/\/www.galluccioflli.it\/en\/#website"},"datePublished":"2017-11-06T13:26:37+00:00","dateModified":"2025-07-07T08:12:13+00:00","breadcrumb":{"@id":"https:\/\/www.galluccioflli.it\/en\/privacy\/#breadcrumb"},"inLanguage":"en-US","potentialAction":[{"@type":"ReadAction","target":["https:\/\/www.galluccioflli.it\/en\/privacy\/"]}]},{"@type":"BreadcrumbList","@id":"https:\/\/www.galluccioflli.it\/en\/privacy\/#breadcrumb","itemListElement":[{"@type":"ListItem","position":1,"name":"Home","item":"https:\/\/www.galluccioflli.it\/en\/"},{"@type":"ListItem","position":2,"name":"Complete Privacy Policy in accordance with the GDPR 2016\/679"}]},{"@type":"WebSite","@id":"https:\/\/www.galluccioflli.it\/en\/#website","url":"https:\/\/www.galluccioflli.it\/en\/","name":"Galluccio","description":"","potentialAction":[{"@type":"SearchAction","target":{"@type":"EntryPoint","urlTemplate":"https:\/\/www.galluccioflli.it\/en\/?s={search_term_string}"},"query-input":{"@type":"PropertyValueSpecification","valueRequired":true,"valueName":"search_term_string"}}],"inLanguage":"en-US"}]}},"_links":{"self":[{"href":"https:\/\/www.galluccioflli.it\/en\/wp-json\/wp\/v2\/pages\/799860","targetHints":{"allow":["GET"]}}],"collection":[{"href":"https:\/\/www.galluccioflli.it\/en\/wp-json\/wp\/v2\/pages"}],"about":[{"href":"https:\/\/www.galluccioflli.it\/en\/wp-json\/wp\/v2\/types\/page"}],"author":[{"embeddable":true,"href":"https:\/\/www.galluccioflli.it\/en\/wp-json\/wp\/v2\/users\/2"}],"replies":[{"embeddable":true,"href":"https:\/\/www.galluccioflli.it\/en\/wp-json\/wp\/v2\/comments?post=799860"}],"version-history":[{"count":1,"href":"https:\/\/www.galluccioflli.it\/en\/wp-json\/wp\/v2\/pages\/799860\/revisions"}],"predecessor-version":[{"id":800365,"href":"https:\/\/www.galluccioflli.it\/en\/wp-json\/wp\/v2\/pages\/799860\/revisions\/800365"}],"wp:attachment":[{"href":"https:\/\/www.galluccioflli.it\/en\/wp-json\/wp\/v2\/media?parent=799860"}],"curies":[{"name":"wp","href":"https:\/\/api.w.org\/{rel}","templated":true}]}}